{"id":10,"date":"2016-05-25T10:52:20","date_gmt":"2016-05-25T08:52:20","guid":{"rendered":"http:\/\/www.setsystem.pl\/?page_id=10"},"modified":"2016-06-11T10:43:29","modified_gmt":"2016-06-11T08:43:29","slug":"oferta","status":"publish","type":"page","link":"http:\/\/www.setsystem.pl\/index.php\/oferta\/","title":{"rendered":"Oferta"},"content":{"rendered":"<table border=\"0\" width=\"970\" cellspacing=\"0\" cellpadding=\"0\">\n<tbody>\n<tr>\n<td valign=\"top\" width=\"301\">\n<h3><img loading=\"lazy\" class=\"aligncenter size-full wp-image-194\" src=\"http:\/\/www.setsystem.pl\/wp-content\/uploads\/2016\/05\/f_moto-1.jpg\" alt=\"f_moto\" width=\"301\" height=\"369\" srcset=\"http:\/\/www.setsystem.pl\/wp-content\/uploads\/2016\/05\/f_moto-1.jpg 301w, http:\/\/www.setsystem.pl\/wp-content\/uploads\/2016\/05\/f_moto-1-245x300.jpg 245w\" sizes=\"(max-width: 301px) 100vw, 301px\" \/><\/h3>\n<\/td>\n<td width=\"30\"><\/td>\n<td valign=\"top\">\n<h3>Moto Meble<\/h3>\n<p>Na indywidualne zam\u00f3wienie wykonujemy stoliki z silnik\u00f3w v6, v8, v12, boxer.<br \/>\nTaki moto mebel to\u00a0idealny gad\u017cet dla firm motoryzacyjnych, salon\u00f3w samochodowych, a przede wszystkim dla fan\u00f3w motoryzacji.<br \/>\nPrzyk\u0142adamy szczeg\u00f3ln\u0105 uwag\u0119 do jako\u015bci wykonania oraz wyko\u0144czenia detali poprzez:<br \/>\n&#8211; szkie\u0142kowanie<br \/>\n&#8211; lakierowanie<br \/>\n&#8211; chromowanie<br \/>\n&#8211; polerowanie<br \/>\n&#8211; satynowanie<br \/>\n&#8211; flokowanie<br \/>\n&#8211; obszycia sk\u00f3rzane<br \/>\n&#8211; o\u015bwietlenie<\/p>\n<p>Jako jedyni wykonujemy stoliki z silnik\u00f3w w przekrojach technicznych, kt\u00f3re s\u0105\u00a0ruchome.<br \/>\nPo za\u0142\u0105czeniu w\u0142\u0105cznika, stacyjki, lub pilotem silnik zaczyna pracowa\u0107 (wa\u0142, t\u0142oki, rozrz\u0105d), po prostu ca\u0142y dzia\u0142a.<\/p>\n<p><strong>Przekroje obejmuj\u0105:<br \/>\n<\/strong><span style=\"line-height: 1.5;\">&#8211; uk\u0142ad korbowo-t\u0142okowy<br \/>\n<\/span>&#8211; rozrz\u0105d (wa\u0142ki oraz nap\u0119d)<br \/>\n&#8211; uk\u0142ad dolotowy<\/p>\n<p><strong>Stolik mo\u017cna w\u0142\u0105czy\u0107 za pomoc\u0105:<\/strong><br \/>\n&#8211; w\u0142\u0105cznika<br \/>\n&#8211; stacyjki<br \/>\n&#8211; pilotem zdalnego sterowania<\/p>\n<p><strong>Instalacja elektryczna jest ca\u0142kowicie niewidoczna.<\/strong><br \/>\n<strong> Stolik nie potrzebuje zewn\u0119trznego \u017ar\u00f3d\u0142a pr\u0105du do pracy.<\/strong><br \/>\nPosiada wbudowany akumulator \u017celowy. Akumulator \u0142adujemy poprzez pod\u0142\u0105czenie \u0142adowarki przez z\u0142\u0105cze. Na\u0142adowany akumulator wystarczy na kilka godzin pracy silnika .<br \/>\nNap\u0119d jest cichy dzi\u0119ki przek\u0142adniom planetarnym.<\/p>\n<p>Zapraszam do obejrzenia w zak\u0142adce &#8222;nasze realizacje&#8221; kilku naszych stolik\u00f3w.<\/td>\n<\/tr>\n<\/tbody>\n<\/table>\n<hr \/>\n<table border=\"0\" width=\"970\" cellspacing=\"0\" cellpadding=\"0\">\n<tbody>\n<tr>\n<td valign=\"top\" width=\"301\"><img loading=\"lazy\" class=\"aligncenter size-full wp-image-195\" src=\"http:\/\/www.setsystem.pl\/wp-content\/uploads\/2016\/05\/k_przekroje-1.jpg\" alt=\"k_przekroje\" width=\"301\" height=\"369\" srcset=\"http:\/\/www.setsystem.pl\/wp-content\/uploads\/2016\/05\/k_przekroje-1.jpg 301w, http:\/\/www.setsystem.pl\/wp-content\/uploads\/2016\/05\/k_przekroje-1-245x300.jpg 245w\" sizes=\"(max-width: 301px) 100vw, 301px\" \/><\/td>\n<td width=\"30\"><\/td>\n<td valign=\"top\">\n<h3>Przekroje pogl\u0105dowe i ekspozycyjne<\/h3>\n<p>Wykonujemy na indywidualne zam\u00f3wienia przekroje techniczne i pogl\u0105dowe urz\u0105dze\u0144 mechanicznych tj.:<br \/>\n&#8211; silniki spalinowe<br \/>\n&#8211; przek\u0142adnie<br \/>\n&#8211; skrzynie bieg\u00f3w manualne<br \/>\n&#8211; skrzynie bieg\u00f3w automatyczne<br \/>\n&#8211; turbospr\u0119\u017carki<br \/>\n&#8211; pompy hydrauliczne<br \/>\n&#8211; wtryskiwacze<br \/>\n&#8211; pompy wtryskowe<br \/>\n&#8211; kompresory klimatyzacji<br \/>\n&#8211; elementy hydrauliki si\u0142owej<\/p>\n<p>Proponujemy gotowe rozwi\u0105zania a jednocze\u015bnie odpowiadamy\u00a0na indywidualne potrzeby dotycz\u0105ce nowoczesnych pomocy dydaktycznych interesuj\u0105cych z punktu widzenia uczni\u00f3w oraz nauczycieli.<br \/>\nDysponujemy zapleczem produkcyjnym, kt\u00f3re umo\u017cliwia wykonanie jednostkowych przekroj\u00f3w i modeli dydaktycznych dopasowanych\u00a0do kierunk\u00f3w kszta\u0142cenia w szko\u0142ach zawodowych i technikach oraz firm zajmuj\u0105cych si\u0119 szkoleniami z zakresu techniki motoryzacyjnej.<\/td>\n<\/tr>\n<\/tbody>\n<\/table>\n<hr \/>\n<p>&nbsp;<\/p>\n","protected":false},"excerpt":{"rendered":"<p>Moto Meble Na indywidualne zam\u00f3wienie wykonujemy stoliki z silnik\u00f3w v6, v8, v12, boxer. Taki moto mebel to\u00a0idealny gad\u017cet dla firm motoryzacyjnych, salon\u00f3w samochodowych, a przede wszystkim dla fan\u00f3w motoryzacji. Przyk\u0142adamy szczeg\u00f3ln\u0105 uwag\u0119 do jako\u015bci wykonania oraz wyko\u0144czenia detali poprzez: &#8211; szkie\u0142kowanie &#8211; lakierowanie &#8211; chromowanie &#8211; polerowanie &#8211; satynowanie &#8211; flokowanie &#8211; obszycia sk\u00f3rzane &#8211; [&hellip;]<\/p>\n","protected":false},"author":1,"featured_media":0,"parent":0,"menu_order":0,"comment_status":"closed","ping_status":"closed","template":"template-fullwidth.php","meta":[],"_links":{"self":[{"href":"http:\/\/www.setsystem.pl\/index.php\/wp-json\/wp\/v2\/pages\/10"}],"collection":[{"href":"http:\/\/www.setsystem.pl\/index.php\/wp-json\/wp\/v2\/pages"}],"about":[{"href":"http:\/\/www.setsystem.pl\/index.php\/wp-json\/wp\/v2\/types\/page"}],"author":[{"embeddable":true,"href":"http:\/\/www.setsystem.pl\/index.php\/wp-json\/wp\/v2\/users\/1"}],"replies":[{"embeddable":true,"href":"http:\/\/www.setsystem.pl\/index.php\/wp-json\/wp\/v2\/comments?post=10"}],"version-history":[{"count":36,"href":"http:\/\/www.setsystem.pl\/index.php\/wp-json\/wp\/v2\/pages\/10\/revisions"}],"predecessor-version":[{"id":212,"href":"http:\/\/www.setsystem.pl\/index.php\/wp-json\/wp\/v2\/pages\/10\/revisions\/212"}],"wp:attachment":[{"href":"http:\/\/www.setsystem.pl\/index.php\/wp-json\/wp\/v2\/media?parent=10"}],"curies":[{"name":"wp","href":"https:\/\/api.w.org\/{rel}","templated":true}]}}