{"id":18,"date":"2016-05-25T10:53:31","date_gmt":"2016-05-25T08:53:31","guid":{"rendered":"http:\/\/www.setsystem.pl\/?page_id=18"},"modified":"2016-06-13T16:26:04","modified_gmt":"2016-06-13T14:26:04","slug":"realizacje","status":"publish","type":"page","link":"http:\/\/www.setsystem.pl\/index.php\/realizacje\/","title":{"rendered":"Nasze realizacje"},"content":{"rendered":"<table id=\"Table_01\" border=\"0\" width=\"990\" cellspacing=\"0\" cellpadding=\"0\">\n<tbody>\n<tr>\n<td colspan=\"3\"><img loading=\"lazy\" src=\"http:\/\/www.setsystem.pl\/audi\/silnik_audi_01.gif\" alt=\"\" width=\"990\" height=\"133\" \/><\/td>\n<\/tr>\n<tr>\n<td width=\"493\"><img loading=\"lazy\" src=\"http:\/\/www.setsystem.pl\/audi\/silnik_audi_02.gif\" alt=\"\" width=\"493\" height=\"331\" \/><\/td>\n<td valign=\"top\" width=\"433\" background=\"http:\/\/www.setsystem.pl\/audi\/silnik_audi_03.gif\">&#8211; Silnik audi v6<br \/>\n&#8211; Przekroje bloku oraz g\u0142owic<br \/>\n&#8211; Wbudowany nap\u0119d elektryczny<br \/>\n&#8211; Wbudowana stacyjka z kluczykiem do za\u0142\u0105czenia nap\u0119du<\/td>\n<td width=\"64\"><img loading=\"lazy\" src=\"http:\/\/www.setsystem.pl\/audi\/silnik_audi_04.gif\" alt=\"\" width=\"64\" height=\"331\" \/><\/td>\n<\/tr>\n<\/tbody>\n<\/table>\n<div id='gallery-1' class='gallery galleryid-18 gallery-columns-4 gallery-size-thumbnail'><figure class='gallery-item'>\n\t\t\t<div class='gallery-icon landscape'>\n\t\t\t\t<a href='http:\/\/www.setsystem.pl\/wp-content\/uploads\/2016\/05\/DSC_3535.jpg'><img width=\"120\" height=\"120\" src=\"http:\/\/www.setsystem.pl\/wp-content\/uploads\/2016\/05\/DSC_3535-150x150.jpg\" class=\"attachment-thumbnail size-thumbnail\" alt=\"\" loading=\"lazy\" \/><\/a>\n\t\t\t<\/div><\/figure><figure class='gallery-item'>\n\t\t\t<div class='gallery-icon landscape'>\n\t\t\t\t<a href='http:\/\/www.setsystem.pl\/wp-content\/uploads\/2016\/05\/DSC_3534.jpg'><img width=\"120\" height=\"120\" src=\"http:\/\/www.setsystem.pl\/wp-content\/uploads\/2016\/05\/DSC_3534-150x150.jpg\" class=\"attachment-thumbnail size-thumbnail\" alt=\"\" loading=\"lazy\" \/><\/a>\n\t\t\t<\/div><\/figure><figure class='gallery-item'>\n\t\t\t<div class='gallery-icon landscape'>\n\t\t\t\t<a href='http:\/\/www.setsystem.pl\/wp-content\/uploads\/2016\/05\/DSC_3527.jpg'><img width=\"120\" height=\"120\" src=\"http:\/\/www.setsystem.pl\/wp-content\/uploads\/2016\/05\/DSC_3527-150x150.jpg\" class=\"attachment-thumbnail size-thumbnail\" alt=\"\" loading=\"lazy\" \/><\/a>\n\t\t\t<\/div><\/figure><figure class='gallery-item'>\n\t\t\t<div class='gallery-icon landscape'>\n\t\t\t\t<a href='http:\/\/www.setsystem.pl\/wp-content\/uploads\/2016\/05\/DSC_3524.jpg'><img width=\"120\" height=\"120\" src=\"http:\/\/www.setsystem.pl\/wp-content\/uploads\/2016\/05\/DSC_3524-150x150.jpg\" class=\"attachment-thumbnail size-thumbnail\" alt=\"\" loading=\"lazy\" \/><\/a>\n\t\t\t<\/div><\/figure><figure class='gallery-item'>\n\t\t\t<div class='gallery-icon portrait'>\n\t\t\t\t<a href='http:\/\/www.setsystem.pl\/wp-content\/uploads\/2016\/05\/DSC_3519.jpg'><img width=\"120\" height=\"120\" src=\"http:\/\/www.setsystem.pl\/wp-content\/uploads\/2016\/05\/DSC_3519-150x150.jpg\" class=\"attachment-thumbnail size-thumbnail\" alt=\"\" loading=\"lazy\" \/><\/a>\n\t\t\t<\/div><\/figure><figure class='gallery-item'>\n\t\t\t<div class='gallery-icon landscape'>\n\t\t\t\t<a href='http:\/\/www.setsystem.pl\/wp-content\/uploads\/2016\/05\/DSC_3522.jpg'><img width=\"120\" height=\"120\" src=\"http:\/\/www.setsystem.pl\/wp-content\/uploads\/2016\/05\/DSC_3522-150x150.jpg\" class=\"attachment-thumbnail size-thumbnail\" alt=\"\" loading=\"lazy\" \/><\/a>\n\t\t\t<\/div><\/figure><figure class='gallery-item'>\n\t\t\t<div class='gallery-icon landscape'>\n\t\t\t\t<a href='http:\/\/www.setsystem.pl\/wp-content\/uploads\/2016\/05\/DSC_3514.jpg'><img width=\"120\" height=\"120\" src=\"http:\/\/www.setsystem.pl\/wp-content\/uploads\/2016\/05\/DSC_3514-150x150.jpg\" class=\"attachment-thumbnail size-thumbnail\" alt=\"\" loading=\"lazy\" \/><\/a>\n\t\t\t<\/div><\/figure><figure class='gallery-item'>\n\t\t\t<div class='gallery-icon landscape'>\n\t\t\t\t<a href='http:\/\/www.setsystem.pl\/wp-content\/uploads\/2016\/05\/DSC_3505.jpg'><img width=\"120\" height=\"120\" src=\"http:\/\/www.setsystem.pl\/wp-content\/uploads\/2016\/05\/DSC_3505-150x150.jpg\" class=\"attachment-thumbnail size-thumbnail\" alt=\"\" loading=\"lazy\" \/><\/a>\n\t\t\t<\/div><\/figure>\n\t\t<\/div>\n\n<!--[if lt IE 9]><script>document.createElement('video');<\/script><![endif]-->\n\t<div class=\"wp-playlist wp-video-playlist wp-playlist-light\">\n\t\t<video controls=\"controls\" preload=\"none\" width=\"958\"\n\t\t height=\"539\"\t><\/video>\n\t<div class=\"wp-playlist-next\"><\/div>\n\t<div class=\"wp-playlist-prev\"><\/div>\n\t<noscript>\n\t<ol>\n\t\t<li><a href='http:\/\/www.setsystem.pl\/wp-content\/uploads\/2016\/05\/AUDI-FILM.mp4'>AUDI FILM<\/a><\/li>\t<\/ol>\n\t<\/noscript>\n\t<script type=\"application\/json\" class=\"wp-playlist-script\">{\"type\":\"video\",\"tracklist\":false,\"tracknumbers\":true,\"images\":true,\"artists\":true,\"tracks\":[{\"src\":\"http:\\\/\\\/www.setsystem.pl\\\/wp-content\\\/uploads\\\/2016\\\/05\\\/AUDI-FILM.mp4\",\"type\":\"video\\\/mp4\",\"title\":\"AUDI FILM\",\"caption\":\"\",\"description\":\"\",\"meta\":{\"length_formatted\":\"0:33\"},\"dimensions\":{\"original\":{\"width\":1920,\"height\":1080},\"resized\":{\"width\":958,\"height\":539}},\"image\":{\"src\":\"http:\\\/\\\/www.setsystem.pl\\\/wp-includes\\\/images\\\/media\\\/video.png\",\"width\":48,\"height\":64},\"thumb\":{\"src\":\"http:\\\/\\\/www.setsystem.pl\\\/wp-includes\\\/images\\\/media\\\/video.png\",\"width\":48,\"height\":64}}]}<\/script>\n<\/div>\n\t\n<table id=\"Table_02\" border=\"0\" width=\"990\" cellspacing=\"0\" cellpadding=\"0\">\n<tbody>\n<tr>\n<td colspan=\"3\"><img loading=\"lazy\" src=\"http:\/\/www.setsystem.pl\/mercedes\/silnik_mercedes_01.gif\" alt=\"\" width=\"990\" height=\"133\" \/><\/td>\n<\/tr>\n<tr>\n<td width=\"493\"><img loading=\"lazy\" src=\"http:\/\/www.setsystem.pl\/mercedes\/silnik_mercedes_02.gif\" alt=\"\" width=\"493\" height=\"331\" \/><\/td>\n<td valign=\"top\" width=\"433\" background=\"http:\/\/www.setsystem.pl\/mercedes\/silnik_mercedes_03.gif\">&#8211; Przekroje bloku oraz g\u0142owic<br \/>\n&#8211; Wbudowany nap\u0119d elektryczny<br \/>\n&#8211; W\u0142\u0105cznik start engine Mercedes S600<br \/>\n&#8211; Lakierowanie w kolorystyce Mercedes<br \/>\n&#8211; Polerowane t\u0142oki<br \/>\n&#8211; Polerowany wa\u0142 korbowy<br \/>\n&#8211; Polerowane zawory<br \/>\n&#8211; Polerowane tuleje cylindr\u00f3w<br \/>\n&#8211; Polerowane wa\u0142ki rozrz\u0105du<br \/>\n&#8211; Polerowane ko\u0142a rozrz\u0105du<br \/>\n&#8211; Maskownice napinaczy rozrz\u0105du ze stali nierdzewnej<br \/>\n&#8211; Polerowany \u0142a\u0144cuch rozrz\u0105du<br \/>\n&#8211; Wyko\u0144czenia ze stali nierdzewnej polerowanej<\/td>\n<td width=\"64\"><img loading=\"lazy\" src=\"http:\/\/www.setsystem.pl\/mercedes\/silnik_mercedes_04.gif\" alt=\"\" width=\"64\" height=\"331\" \/><\/td>\n<\/tr>\n<\/tbody>\n<\/table>\n<div id='gallery-2' class='gallery galleryid-18 gallery-columns-4 gallery-size-thumbnail'><figure class='gallery-item'>\n\t\t\t<div class='gallery-icon landscape'>\n\t\t\t\t<a href='http:\/\/www.setsystem.pl\/wp-content\/uploads\/2016\/05\/DSC_1015.jpg'><img width=\"120\" height=\"120\" src=\"http:\/\/www.setsystem.pl\/wp-content\/uploads\/2016\/05\/DSC_1015-120x120.jpg\" class=\"attachment-thumbnail size-thumbnail\" alt=\"\" loading=\"lazy\" \/><\/a>\n\t\t\t<\/div><\/figure><figure class='gallery-item'>\n\t\t\t<div class='gallery-icon landscape'>\n\t\t\t\t<a href='http:\/\/www.setsystem.pl\/wp-content\/uploads\/2016\/05\/DSC_1020.jpg'><img width=\"120\" height=\"120\" src=\"http:\/\/www.setsystem.pl\/wp-content\/uploads\/2016\/05\/DSC_1020-120x120.jpg\" class=\"attachment-thumbnail size-thumbnail\" alt=\"\" loading=\"lazy\" \/><\/a>\n\t\t\t<\/div><\/figure><figure class='gallery-item'>\n\t\t\t<div class='gallery-icon landscape'>\n\t\t\t\t<a href='http:\/\/www.setsystem.pl\/wp-content\/uploads\/2016\/05\/DSC_1026.jpg'><img width=\"120\" height=\"120\" src=\"http:\/\/www.setsystem.pl\/wp-content\/uploads\/2016\/05\/DSC_1026-120x120.jpg\" class=\"attachment-thumbnail size-thumbnail\" alt=\"\" loading=\"lazy\" \/><\/a>\n\t\t\t<\/div><\/figure><figure class='gallery-item'>\n\t\t\t<div class='gallery-icon portrait'>\n\t\t\t\t<a href='http:\/\/www.setsystem.pl\/wp-content\/uploads\/2016\/05\/DSC_1030.jpg'><img width=\"120\" height=\"120\" src=\"http:\/\/www.setsystem.pl\/wp-content\/uploads\/2016\/05\/DSC_1030-120x120.jpg\" class=\"attachment-thumbnail size-thumbnail\" alt=\"\" loading=\"lazy\" \/><\/a>\n\t\t\t<\/div><\/figure><figure class='gallery-item'>\n\t\t\t<div class='gallery-icon landscape'>\n\t\t\t\t<a href='http:\/\/www.setsystem.pl\/wp-content\/uploads\/2016\/05\/DSC_1047.jpg'><img width=\"120\" height=\"120\" src=\"http:\/\/www.setsystem.pl\/wp-content\/uploads\/2016\/05\/DSC_1047-120x120.jpg\" class=\"attachment-thumbnail size-thumbnail\" alt=\"\" loading=\"lazy\" \/><\/a>\n\t\t\t<\/div><\/figure><figure class='gallery-item'>\n\t\t\t<div class='gallery-icon landscape'>\n\t\t\t\t<a href='http:\/\/www.setsystem.pl\/wp-content\/uploads\/2016\/05\/DSC_1049.jpg'><img width=\"120\" height=\"120\" src=\"http:\/\/www.setsystem.pl\/wp-content\/uploads\/2016\/05\/DSC_1049-120x120.jpg\" class=\"attachment-thumbnail size-thumbnail\" alt=\"\" loading=\"lazy\" \/><\/a>\n\t\t\t<\/div><\/figure><figure class='gallery-item'>\n\t\t\t<div class='gallery-icon portrait'>\n\t\t\t\t<a href='http:\/\/www.setsystem.pl\/wp-content\/uploads\/2016\/05\/DSC_1054.jpg'><img width=\"120\" height=\"120\" src=\"http:\/\/www.setsystem.pl\/wp-content\/uploads\/2016\/05\/DSC_1054-120x120.jpg\" class=\"attachment-thumbnail size-thumbnail\" alt=\"\" loading=\"lazy\" \/><\/a>\n\t\t\t<\/div><\/figure><figure class='gallery-item'>\n\t\t\t<div class='gallery-icon portrait'>\n\t\t\t\t<a href='http:\/\/www.setsystem.pl\/wp-content\/uploads\/2016\/05\/DSC_1088.jpg'><img width=\"120\" height=\"120\" src=\"http:\/\/www.setsystem.pl\/wp-content\/uploads\/2016\/05\/DSC_1088-120x120.jpg\" class=\"attachment-thumbnail size-thumbnail\" alt=\"\" loading=\"lazy\" \/><\/a>\n\t\t\t<\/div><\/figure>\n\t\t<\/div>\n\n<div class=\"wp-playlist wp-video-playlist wp-playlist-light\">\n\t\t<video controls=\"controls\" preload=\"none\" width=\"958\"\n\t\t height=\"539\"\t><\/video>\n\t<div class=\"wp-playlist-next\"><\/div>\n\t<div class=\"wp-playlist-prev\"><\/div>\n\t<noscript>\n\t<ol>\n\t\t<li><a href='http:\/\/www.setsystem.pl\/wp-content\/uploads\/2016\/06\/MERCEDES.mp4'>MERCEDES<\/a><\/li>\t<\/ol>\n\t<\/noscript>\n\t<script type=\"application\/json\" class=\"wp-playlist-script\">{\"type\":\"video\",\"tracklist\":false,\"tracknumbers\":true,\"images\":true,\"artists\":true,\"tracks\":[{\"src\":\"http:\\\/\\\/www.setsystem.pl\\\/wp-content\\\/uploads\\\/2016\\\/06\\\/MERCEDES.mp4\",\"type\":\"video\\\/mp4\",\"title\":\"MERCEDES\",\"caption\":\"\",\"description\":\"\",\"meta\":{\"length_formatted\":\"0:48\"},\"dimensions\":{\"original\":{\"width\":1280,\"height\":720},\"resized\":{\"width\":958,\"height\":539}},\"image\":{\"src\":\"http:\\\/\\\/www.setsystem.pl\\\/wp-includes\\\/images\\\/media\\\/video.png\",\"width\":48,\"height\":64},\"thumb\":{\"src\":\"http:\\\/\\\/www.setsystem.pl\\\/wp-includes\\\/images\\\/media\\\/video.png\",\"width\":48,\"height\":64}}]}<\/script>\n<\/div>\n\t\n<table id=\"Table_03\" border=\"0\" width=\"990\" cellspacing=\"0\" cellpadding=\"0\">\n<tbody>\n<tr>\n<td colspan=\"3\"><img loading=\"lazy\" src=\"http:\/\/www.setsystem.pl\/subaru\/silnik_subaru_01.gif\" alt=\"\" width=\"990\" height=\"133\" \/><\/td>\n<\/tr>\n<tr>\n<td valign=\"top\" width=\"493\"><img loading=\"lazy\" src=\"http:\/\/www.setsystem.pl\/subaru\/silnik_subaru_02.gif\" alt=\"\" width=\"493\" height=\"331\" \/><\/td>\n<td valign=\"top\" width=\"433\" background=\"http:\/\/www.setsystem.pl\/subaru\/silnik_subaru_03.gif\">&#8211; Silnik boxer w uk\u0142adzie H4<br \/>\n&#8211; Przekroje bloku oraz g\u0142owic<br \/>\n&#8211; Przekr\u00f3j turbospr\u0119\u017carki<br \/>\n&#8211; Wbudowany nap\u0119d elektryczny silnika oraz turbospr\u0119\u017carki<br \/>\n&#8211; Pryzmy \u015bwietlne w tulejach cylindr\u00f3w<br \/>\n&#8211; Pod\u015bwietlenie Led turbospr\u0119\u017carki ( wewn\u0105trz)<br \/>\n&#8211; Projektor LED, logo subaru wy\u015bwietlane jest na posadzce pod stolikiem<br \/>\n&#8211; Za\u0142\u0105czanie o\u015bwietlenia oraz silnika i turbospr\u0119\u017carki realizowane za pomoc\u0105 pilota zdalnego sterowania .<br \/>\n&#8211; Lakierowanie w kolorze subaru<br \/>\n&#8211; Chromowane tuleje cylindr\u00f3w<br \/>\n&#8211; Chromowany wa\u0142 korbowy<br \/>\n&#8211; Chromowane korbowody<br \/>\n&#8211; Chromowane wa\u0142ki rozrz\u0105du<br \/>\n&#8211; Chromowane zawory , d\u017awigienki zaworowe<br \/>\n&#8211; Chromowany \u0142a\u0144cuch rozrz\u0105du i ko\u0142a z\u0119bate<\/td>\n<td width=\"64\"><img loading=\"lazy\" src=\"http:\/\/www.setsystem.pl\/subaru\/silnik_subaru_04.gif\" alt=\"\" width=\"64\" height=\"331\" \/><\/td>\n<\/tr>\n<\/tbody>\n<\/table>\n<div id='gallery-3' class='gallery galleryid-18 gallery-columns-4 gallery-size-thumbnail'><figure class='gallery-item'>\n\t\t\t<div class='gallery-icon landscape'>\n\t\t\t\t<a href='http:\/\/www.setsystem.pl\/wp-content\/uploads\/2016\/05\/DSC_1108.jpg'><img width=\"120\" height=\"120\" src=\"http:\/\/www.setsystem.pl\/wp-content\/uploads\/2016\/05\/DSC_1108-120x120.jpg\" class=\"attachment-thumbnail size-thumbnail\" alt=\"\" loading=\"lazy\" \/><\/a>\n\t\t\t<\/div><\/figure><figure class='gallery-item'>\n\t\t\t<div class='gallery-icon portrait'>\n\t\t\t\t<a href='http:\/\/www.setsystem.pl\/wp-content\/uploads\/2016\/05\/DSC_1112.jpg'><img width=\"120\" height=\"120\" src=\"http:\/\/www.setsystem.pl\/wp-content\/uploads\/2016\/05\/DSC_1112-120x120.jpg\" class=\"attachment-thumbnail size-thumbnail\" alt=\"\" loading=\"lazy\" \/><\/a>\n\t\t\t<\/div><\/figure><figure class='gallery-item'>\n\t\t\t<div class='gallery-icon landscape'>\n\t\t\t\t<a href='http:\/\/www.setsystem.pl\/wp-content\/uploads\/2016\/05\/DSC_1115.jpg'><img width=\"120\" height=\"120\" src=\"http:\/\/www.setsystem.pl\/wp-content\/uploads\/2016\/05\/DSC_1115-120x120.jpg\" class=\"attachment-thumbnail size-thumbnail\" alt=\"\" loading=\"lazy\" \/><\/a>\n\t\t\t<\/div><\/figure><figure class='gallery-item'>\n\t\t\t<div class='gallery-icon landscape'>\n\t\t\t\t<a href='http:\/\/www.setsystem.pl\/wp-content\/uploads\/2016\/05\/DSC_1141.jpg'><img width=\"120\" height=\"120\" src=\"http:\/\/www.setsystem.pl\/wp-content\/uploads\/2016\/05\/DSC_1141-120x120.jpg\" class=\"attachment-thumbnail size-thumbnail\" alt=\"\" loading=\"lazy\" \/><\/a>\n\t\t\t<\/div><\/figure><figure class='gallery-item'>\n\t\t\t<div class='gallery-icon landscape'>\n\t\t\t\t<a href='http:\/\/www.setsystem.pl\/wp-content\/uploads\/2016\/05\/DSC_1145.jpg'><img width=\"120\" height=\"120\" src=\"http:\/\/www.setsystem.pl\/wp-content\/uploads\/2016\/05\/DSC_1145-120x120.jpg\" class=\"attachment-thumbnail size-thumbnail\" alt=\"\" loading=\"lazy\" \/><\/a>\n\t\t\t<\/div><\/figure><figure class='gallery-item'>\n\t\t\t<div class='gallery-icon landscape'>\n\t\t\t\t<a href='http:\/\/www.setsystem.pl\/wp-content\/uploads\/2016\/05\/DSC_1147.jpg'><img width=\"120\" height=\"120\" src=\"http:\/\/www.setsystem.pl\/wp-content\/uploads\/2016\/05\/DSC_1147-120x120.jpg\" class=\"attachment-thumbnail size-thumbnail\" alt=\"\" loading=\"lazy\" \/><\/a>\n\t\t\t<\/div><\/figure><figure class='gallery-item'>\n\t\t\t<div class='gallery-icon landscape'>\n\t\t\t\t<a href='http:\/\/www.setsystem.pl\/wp-content\/uploads\/2016\/05\/DSC_1162.jpg'><img width=\"120\" height=\"120\" src=\"http:\/\/www.setsystem.pl\/wp-content\/uploads\/2016\/05\/DSC_1162-120x120.jpg\" class=\"attachment-thumbnail size-thumbnail\" alt=\"\" loading=\"lazy\" \/><\/a>\n\t\t\t<\/div><\/figure><figure class='gallery-item'>\n\t\t\t<div class='gallery-icon landscape'>\n\t\t\t\t<a href='http:\/\/www.setsystem.pl\/wp-content\/uploads\/2016\/05\/DSC_1189.jpg'><img width=\"120\" height=\"120\" src=\"http:\/\/www.setsystem.pl\/wp-content\/uploads\/2016\/05\/DSC_1189-120x120.jpg\" class=\"attachment-thumbnail size-thumbnail\" alt=\"\" loading=\"lazy\" \/><\/a>\n\t\t\t<\/div><\/figure>\n\t\t<\/div>\n\n<p><div class=\"wp-playlist wp-video-playlist wp-playlist-light\">\n\t\t<video controls=\"controls\" preload=\"none\" width=\"958\"\n\t\t height=\"539\"\t><\/video>\n\t<div class=\"wp-playlist-next\"><\/div>\n\t<div class=\"wp-playlist-prev\"><\/div>\n\t<noscript>\n\t<ol>\n\t\t<li><a href='http:\/\/www.setsystem.pl\/wp-content\/uploads\/2016\/06\/SUBARU.mp4'>SUBARU<\/a><\/li>\t<\/ol>\n\t<\/noscript>\n\t<script type=\"application\/json\" class=\"wp-playlist-script\">{\"type\":\"video\",\"tracklist\":false,\"tracknumbers\":true,\"images\":true,\"artists\":true,\"tracks\":[{\"src\":\"http:\\\/\\\/www.setsystem.pl\\\/wp-content\\\/uploads\\\/2016\\\/06\\\/SUBARU.mp4\",\"type\":\"video\\\/mp4\",\"title\":\"SUBARU\",\"caption\":\"\",\"description\":\"\",\"meta\":{\"length_formatted\":\"0:40\"},\"dimensions\":{\"original\":{\"width\":1280,\"height\":720},\"resized\":{\"width\":958,\"height\":539}},\"image\":{\"src\":\"http:\\\/\\\/www.setsystem.pl\\\/wp-includes\\\/images\\\/media\\\/video.png\",\"width\":48,\"height\":64},\"thumb\":{\"src\":\"http:\\\/\\\/www.setsystem.pl\\\/wp-includes\\\/images\\\/media\\\/video.png\",\"width\":48,\"height\":64}}]}<\/script>\n<\/div>\n\t<br \/>\n<img loading=\"lazy\" class=\"aligncenter size-full wp-image-156\" src=\"http:\/\/www.setsystem.pl\/wp-content\/uploads\/2016\/05\/przekroj.jpg\" alt=\"przekroj\" width=\"990\" height=\"409\" srcset=\"http:\/\/www.setsystem.pl\/wp-content\/uploads\/2016\/05\/przekroj.jpg 990w, http:\/\/www.setsystem.pl\/wp-content\/uploads\/2016\/05\/przekroj-300x124.jpg 300w\" sizes=\"(max-width: 990px) 100vw, 990px\" \/><\/p>\n<div id='gallery-4' class='gallery galleryid-18 gallery-columns-4 gallery-size-thumbnail'><figure class='gallery-item'>\n\t\t\t<div class='gallery-icon landscape'>\n\t\t\t\t<a href='http:\/\/www.setsystem.pl\/wp-content\/uploads\/2016\/05\/DSC_0146-2-1.jpg'><img width=\"120\" height=\"120\" src=\"http:\/\/www.setsystem.pl\/wp-content\/uploads\/2016\/05\/DSC_0146-2-1-120x120.jpg\" class=\"attachment-thumbnail size-thumbnail\" alt=\"\" loading=\"lazy\" \/><\/a>\n\t\t\t<\/div><\/figure><figure class='gallery-item'>\n\t\t\t<div class='gallery-icon landscape'>\n\t\t\t\t<a href='http:\/\/www.setsystem.pl\/wp-content\/uploads\/2016\/05\/DSC_0155-2-1.jpg'><img width=\"120\" height=\"120\" src=\"http:\/\/www.setsystem.pl\/wp-content\/uploads\/2016\/05\/DSC_0155-2-1-120x120.jpg\" class=\"attachment-thumbnail size-thumbnail\" alt=\"\" loading=\"lazy\" \/><\/a>\n\t\t\t<\/div><\/figure><figure class='gallery-item'>\n\t\t\t<div class='gallery-icon landscape'>\n\t\t\t\t<a href='http:\/\/www.setsystem.pl\/wp-content\/uploads\/2016\/05\/DSC_0164-2-1.jpg'><img width=\"120\" height=\"120\" src=\"http:\/\/www.setsystem.pl\/wp-content\/uploads\/2016\/05\/DSC_0164-2-1-120x120.jpg\" class=\"attachment-thumbnail size-thumbnail\" alt=\"\" loading=\"lazy\" \/><\/a>\n\t\t\t<\/div><\/figure><figure class='gallery-item'>\n\t\t\t<div class='gallery-icon landscape'>\n\t\t\t\t<a href='http:\/\/www.setsystem.pl\/wp-content\/uploads\/2016\/05\/DSC_0168-2-1.jpg'><img width=\"120\" height=\"120\" src=\"http:\/\/www.setsystem.pl\/wp-content\/uploads\/2016\/05\/DSC_0168-2-1-120x120.jpg\" class=\"attachment-thumbnail size-thumbnail\" alt=\"\" loading=\"lazy\" \/><\/a>\n\t\t\t<\/div><\/figure><figure class='gallery-item'>\n\t\t\t<div class='gallery-icon landscape'>\n\t\t\t\t<a href='http:\/\/www.setsystem.pl\/wp-content\/uploads\/2016\/05\/DSC_0180-2-1.jpg'><img width=\"120\" height=\"120\" src=\"http:\/\/www.setsystem.pl\/wp-content\/uploads\/2016\/05\/DSC_0180-2-1-120x120.jpg\" class=\"attachment-thumbnail size-thumbnail\" alt=\"\" loading=\"lazy\" \/><\/a>\n\t\t\t<\/div><\/figure><figure class='gallery-item'>\n\t\t\t<div class='gallery-icon landscape'>\n\t\t\t\t<a href='http:\/\/www.setsystem.pl\/wp-content\/uploads\/2016\/05\/DSC_0182-2-1.jpg'><img width=\"120\" height=\"120\" src=\"http:\/\/www.setsystem.pl\/wp-content\/uploads\/2016\/05\/DSC_0182-2-1-120x120.jpg\" class=\"attachment-thumbnail size-thumbnail\" alt=\"\" loading=\"lazy\" \/><\/a>\n\t\t\t<\/div><\/figure><figure class='gallery-item'>\n\t\t\t<div class='gallery-icon landscape'>\n\t\t\t\t<a href='http:\/\/www.setsystem.pl\/wp-content\/uploads\/2016\/05\/DSC_0187-2-1.jpg'><img width=\"120\" height=\"120\" src=\"http:\/\/www.setsystem.pl\/wp-content\/uploads\/2016\/05\/DSC_0187-2-1-120x120.jpg\" class=\"attachment-thumbnail size-thumbnail\" alt=\"\" loading=\"lazy\" \/><\/a>\n\t\t\t<\/div><\/figure><figure class='gallery-item'>\n\t\t\t<div class='gallery-icon portrait'>\n\t\t\t\t<a href='http:\/\/www.setsystem.pl\/wp-content\/uploads\/2016\/05\/DSC_0196-2.jpg'><img width=\"120\" height=\"120\" src=\"http:\/\/www.setsystem.pl\/wp-content\/uploads\/2016\/05\/DSC_0196-2-120x120.jpg\" class=\"attachment-thumbnail size-thumbnail\" alt=\"\" loading=\"lazy\" \/><\/a>\n\t\t\t<\/div><\/figure>\n\t\t<\/div>\n\n","protected":false},"excerpt":{"rendered":"<p>&#8211; Silnik audi v6 &#8211; Przekroje bloku oraz g\u0142owic &#8211; Wbudowany nap\u0119d elektryczny &#8211; Wbudowana stacyjka z kluczykiem do za\u0142\u0105czenia nap\u0119du &#8211; Przekroje bloku oraz g\u0142owic &#8211; Wbudowany nap\u0119d elektryczny &#8211; W\u0142\u0105cznik start engine Mercedes S600 &#8211; Lakierowanie w kolorystyce Mercedes &#8211; Polerowane t\u0142oki &#8211; Polerowany wa\u0142 korbowy &#8211; Polerowane zawory &#8211; Polerowane tuleje cylindr\u00f3w [&hellip;]<\/p>\n","protected":false},"author":1,"featured_media":0,"parent":0,"menu_order":0,"comment_status":"closed","ping_status":"closed","template":"template-fullwidth.php","meta":[],"_links":{"self":[{"href":"http:\/\/www.setsystem.pl\/index.php\/wp-json\/wp\/v2\/pages\/18"}],"collection":[{"href":"http:\/\/www.setsystem.pl\/index.php\/wp-json\/wp\/v2\/pages"}],"about":[{"href":"http:\/\/www.setsystem.pl\/index.php\/wp-json\/wp\/v2\/types\/page"}],"author":[{"embeddable":true,"href":"http:\/\/www.setsystem.pl\/index.php\/wp-json\/wp\/v2\/users\/1"}],"replies":[{"embeddable":true,"href":"http:\/\/www.setsystem.pl\/index.php\/wp-json\/wp\/v2\/comments?post=18"}],"version-history":[{"count":39,"href":"http:\/\/www.setsystem.pl\/index.php\/wp-json\/wp\/v2\/pages\/18\/revisions"}],"predecessor-version":[{"id":103,"href":"http:\/\/www.setsystem.pl\/index.php\/wp-json\/wp\/v2\/pages\/18\/revisions\/103"}],"wp:attachment":[{"href":"http:\/\/www.setsystem.pl\/index.php\/wp-json\/wp\/v2\/media?parent=18"}],"curies":[{"name":"wp","href":"https:\/\/api.w.org\/{rel}","templated":true}]}}